{"id":9,"date":"2016-06-10T23:04:02","date_gmt":"2016-06-10T21:04:02","guid":{"rendered":"http:\/\/boutique-healer.com\/?post_type=product&#038;p=9"},"modified":"2016-06-13T22:41:14","modified_gmt":"2016-06-13T20:41:14","slug":"tout-peut-etre-gueri","status":"publish","type":"product","link":"https:\/\/boutique-healer.com\/en\/boutique\/produits-francais\/livres\/tout-peut-etre-gueri\/","title":{"rendered":"Livre Tout peut \u00eatre gu\u00e9ri"},"content":{"rendered":"","protected":false},"excerpt":{"rendered":"<p>Ce livre contient les id\u00e9es, principes et concepts philosophiques qui constituent le syst\u00e8me Corps-Miroir de la gu\u00e9rison et de la connaissance de soi. Puisse-t-il vous aider \u00e0 vous conna\u00eetre vous-m\u00eame, \u00e0 d\u00e9couvrir comment vous <strong>gu\u00e9rir vous-m\u00eame et comment gu\u00e9rir les autres<\/strong>. Il n&#8217;existe pas de maladie dont quelqu&#8217;un n&#8217;ait \u00e9t\u00e9 gu\u00e9ri.<\/p>\n","protected":false},"featured_media":3590,"template":"","meta":{"jetpack_post_was_ever_published":false,"jetpack_publicize_message":"","jetpack_publicize_feature_enabled":true,"jetpack_social_post_already_shared":false,"jetpack_social_options":{"image_generator_settings":{"template":"highway","enabled":false}}},"product_cat":[7,6],"product_tag":[86,90,92,94,88,96,98],"jetpack_publicize_connections":[],"jetpack_sharing_enabled":true,"_links":{"self":[{"href":"https:\/\/boutique-healer.com\/en\/wp-json\/wp\/v2\/product\/9"}],"collection":[{"href":"https:\/\/boutique-healer.com\/en\/wp-json\/wp\/v2\/product"}],"about":[{"href":"https:\/\/boutique-healer.com\/en\/wp-json\/wp\/v2\/types\/product"}],"wp:featuredmedia":[{"embeddable":true,"href":"https:\/\/boutique-healer.com\/en\/wp-json\/wp\/v2\/media\/3590"}],"wp:attachment":[{"href":"https:\/\/boutique-healer.com\/en\/wp-json\/wp\/v2\/media?parent=9"}],"wp:term":[{"taxonomy":"product_cat","embeddable":true,"href":"https:\/\/boutique-healer.com\/en\/wp-json\/wp\/v2\/product_cat?post=9"},{"taxonomy":"product_tag","embeddable":true,"href":"https:\/\/boutique-healer.com\/en\/wp-json\/wp\/v2\/product_tag?post=9"}],"curies":[{"name":"wp","href":"https:\/\/api.w.org\/{rel}","templated":true}]}}