{"id":4360,"date":"2021-08-19T15:22:07","date_gmt":"2021-08-19T13:22:07","guid":{"rendered":"https:\/\/boutique-healer.com\/?post_type=product&#038;p=4360"},"modified":"2024-11-23T13:12:33","modified_gmt":"2024-11-23T12:12:33","slug":"mp3-yeux-dans-les-yeux-meditation-guerison-pour-deux-sept-etapes-vers-namaste-philippe-hannetelle-copie","status":"publish","type":"product","link":"https:\/\/boutique-healer.com\/en\/boutique\/produits-francais\/mp3\/voix-masculine\/mp3-yeux-dans-les-yeux-meditation-guerison-pour-deux-sept-etapes-vers-namaste-philippe-hannetelle-copie\/","title":{"rendered":"(Fran\u00e7ais) MP3 Yeux dans les yeux, m\u00e9ditation gu\u00e9rison pour deux &#8211; Sept \u00e9tapes vers Namast\u00e9 &#8211; Philippe Hannetelle"},"content":{"rendered":"","protected":false},"excerpt":{"rendered":"<p class=\"qtranxs-available-languages-message qtranxs-available-languages-message-en\">Sorry, this entry is only available in <a href=\"https:\/\/boutique-healer.com\/fr\/wp-json\/wp\/v2\/product\/4360\" class=\"qtranxs-available-language-link qtranxs-available-language-link-fr\" title=\"Fran\u00e7ais\">Fran\u00e7ais<\/a>.<\/p>\n","protected":false},"featured_media":4361,"template":"","meta":{"jetpack_post_was_ever_published":false,"jetpack_publicize_message":"","jetpack_publicize_feature_enabled":true,"jetpack_social_post_already_shared":true,"jetpack_social_options":{"image_generator_settings":{"template":"highway","default_image_id":0,"font":"","enabled":false},"version":2}},"product_brand":[],"product_cat":[128,6,214],"product_tag":[114,158,162,70,130,160],"class_list":{"0":"post-4360","1":"product","2":"type-product","3":"status-publish","4":"has-post-thumbnail","6":"product_cat-mp3","7":"product_cat-produits-francais","8":"product_cat-voix-masculine","9":"product_tag-chakras","10":"product_tag-eyes","11":"product_tag-healing","12":"product_tag-meditation","13":"product_tag-mp3","14":"product_tag-two","16":"first","17":"instock","18":"downloadable","19":"virtual","20":"taxable","21":"purchasable","22":"product-type-simple"},"jetpack_publicize_connections":[],"jetpack_sharing_enabled":true,"_links":{"self":[{"href":"https:\/\/boutique-healer.com\/en\/wp-json\/wp\/v2\/product\/4360","targetHints":{"allow":["GET"]}}],"collection":[{"href":"https:\/\/boutique-healer.com\/en\/wp-json\/wp\/v2\/product"}],"about":[{"href":"https:\/\/boutique-healer.com\/en\/wp-json\/wp\/v2\/types\/product"}],"wp:featuredmedia":[{"embeddable":true,"href":"https:\/\/boutique-healer.com\/en\/wp-json\/wp\/v2\/media\/4361"}],"wp:attachment":[{"href":"https:\/\/boutique-healer.com\/en\/wp-json\/wp\/v2\/media?parent=4360"}],"wp:term":[{"taxonomy":"product_brand","embeddable":true,"href":"https:\/\/boutique-healer.com\/en\/wp-json\/wp\/v2\/product_brand?post=4360"},{"taxonomy":"product_cat","embeddable":true,"href":"https:\/\/boutique-healer.com\/en\/wp-json\/wp\/v2\/product_cat?post=4360"},{"taxonomy":"product_tag","embeddable":true,"href":"https:\/\/boutique-healer.com\/en\/wp-json\/wp\/v2\/product_tag?post=4360"}],"curies":[{"name":"wp","href":"https:\/\/api.w.org\/{rel}","templated":true}]}}