{"id":4355,"date":"2021-08-19T13:56:18","date_gmt":"2021-08-19T11:56:18","guid":{"rendered":"https:\/\/boutique-healer.com\/?post_type=product&#038;p=4355"},"modified":"2024-11-23T13:13:06","modified_gmt":"2024-11-23T12:13:06","slug":"mp3-meditation-amour-et-energie-par-philippe-hannetelle","status":"publish","type":"product","link":"https:\/\/boutique-healer.com\/en\/boutique\/produits-francais\/mp3\/voix-masculine\/mp3-meditation-amour-et-energie-par-philippe-hannetelle\/","title":{"rendered":"(Fran\u00e7ais) MP3 M\u00e9ditation Amour et \u00c9nergie &#8211; Philippe Hannetelle"},"content":{"rendered":"","protected":false},"excerpt":{"rendered":"<p class=\"qtranxs-available-languages-message qtranxs-available-languages-message-en\">Sorry, this entry is only available in <a href=\"https:\/\/boutique-healer.com\/fr\/wp-json\/wp\/v2\/product\/4355\" class=\"qtranxs-available-language-link qtranxs-available-language-link-fr\" title=\"Fran\u00e7ais\">Fran\u00e7ais<\/a>.<\/p>\n","protected":false},"featured_media":4353,"template":"","meta":{"jetpack_post_was_ever_published":false,"jetpack_publicize_message":"","jetpack_publicize_feature_enabled":true,"jetpack_social_post_already_shared":true,"jetpack_social_options":{"image_generator_settings":{"template":"highway","default_image_id":0,"font":"","enabled":false},"version":2}},"product_brand":[],"product_cat":[128,6,214],"product_tag":[132,134,74,70,130],"class_list":{"0":"post-4355","1":"product","2":"type-product","3":"status-publish","4":"has-post-thumbnail","6":"product_cat-mp3","7":"product_cat-produits-francais","8":"product_cat-voix-masculine","9":"product_tag-amour","10":"product_tag-energie","11":"product_tag-guerison","12":"product_tag-meditation","13":"product_tag-mp3","15":"first","16":"instock","17":"downloadable","18":"virtual","19":"taxable","20":"purchasable","21":"product-type-simple"},"jetpack_publicize_connections":[],"jetpack_sharing_enabled":true,"_links":{"self":[{"href":"https:\/\/boutique-healer.com\/en\/wp-json\/wp\/v2\/product\/4355","targetHints":{"allow":["GET"]}}],"collection":[{"href":"https:\/\/boutique-healer.com\/en\/wp-json\/wp\/v2\/product"}],"about":[{"href":"https:\/\/boutique-healer.com\/en\/wp-json\/wp\/v2\/types\/product"}],"wp:featuredmedia":[{"embeddable":true,"href":"https:\/\/boutique-healer.com\/en\/wp-json\/wp\/v2\/media\/4353"}],"wp:attachment":[{"href":"https:\/\/boutique-healer.com\/en\/wp-json\/wp\/v2\/media?parent=4355"}],"wp:term":[{"taxonomy":"product_brand","embeddable":true,"href":"https:\/\/boutique-healer.com\/en\/wp-json\/wp\/v2\/product_brand?post=4355"},{"taxonomy":"product_cat","embeddable":true,"href":"https:\/\/boutique-healer.com\/en\/wp-json\/wp\/v2\/product_cat?post=4355"},{"taxonomy":"product_tag","embeddable":true,"href":"https:\/\/boutique-healer.com\/en\/wp-json\/wp\/v2\/product_tag?post=4355"}],"curies":[{"name":"wp","href":"https:\/\/api.w.org\/{rel}","templated":true}]}}