{"id":3633,"date":"2016-06-14T15:31:01","date_gmt":"2016-06-14T13:31:01","guid":{"rendered":"http:\/\/boutique-healer.com\/?post_type=product&#038;p=3633"},"modified":"2021-09-01T13:49:31","modified_gmt":"2021-09-01T11:49:31","slug":"cd-tusais-tuesguerisseur","status":"publish","type":"product","link":"https:\/\/boutique-healer.com\/en\/boutique\/produits-francais\/cds\/cd-tusais-tuesguerisseur\/","title":{"rendered":"CD Tu sais &#8211; Tu es gu\u00e9risseur"},"content":{"rendered":"","protected":false},"excerpt":{"rendered":"<p>M\u00e9ditations cr\u00e9\u00e9es par Martin Brofman et\u00a0guid\u00e9es par Annick Brofman en fran\u00e7ais, vous emmenant dans\u00a0une promenade dans la for\u00eat pour y rencontrer le grand\u00a0sage et lui poser vos questions. Une magnifique ballade,\u00a0riche en r\u00e9alisations.<\/p>\n<p>Musique : Namaste, Francisco Del Campo Wright.<\/p>\n","protected":false},"featured_media":3631,"template":"","meta":{"jetpack_post_was_ever_published":false,"jetpack_publicize_message":"","jetpack_publicize_feature_enabled":true,"jetpack_social_post_already_shared":true,"jetpack_social_options":{"image_generator_settings":{"template":"highway","default_image_id":0,"font":"","enabled":false},"version":2}},"product_brand":[],"product_cat":[66,6],"product_tag":[84,14,142,76,140,78,138,74,136,13,70,152],"class_list":{"0":"post-3633","1":"product","2":"type-product","3":"status-publish","4":"has-post-thumbnail","6":"product_cat-cds","7":"product_cat-produits-francais","8":"product_tag-annick","9":"product_tag-brofman","10":"product_tag-campo","11":"product_tag-cd","12":"product_tag-del","13":"product_tag-francais","14":"product_tag-francisco","15":"product_tag-guerison","16":"product_tag-guerisseur","17":"product_tag-martin","18":"product_tag-meditation","19":"product_tag-wright","21":"first","22":"instock","23":"taxable","24":"shipping-taxable","25":"purchasable","26":"product-type-simple"},"jetpack_publicize_connections":[],"jetpack_sharing_enabled":true,"_links":{"self":[{"href":"https:\/\/boutique-healer.com\/en\/wp-json\/wp\/v2\/product\/3633","targetHints":{"allow":["GET"]}}],"collection":[{"href":"https:\/\/boutique-healer.com\/en\/wp-json\/wp\/v2\/product"}],"about":[{"href":"https:\/\/boutique-healer.com\/en\/wp-json\/wp\/v2\/types\/product"}],"wp:featuredmedia":[{"embeddable":true,"href":"https:\/\/boutique-healer.com\/en\/wp-json\/wp\/v2\/media\/3631"}],"wp:attachment":[{"href":"https:\/\/boutique-healer.com\/en\/wp-json\/wp\/v2\/media?parent=3633"}],"wp:term":[{"taxonomy":"product_brand","embeddable":true,"href":"https:\/\/boutique-healer.com\/en\/wp-json\/wp\/v2\/product_brand?post=3633"},{"taxonomy":"product_cat","embeddable":true,"href":"https:\/\/boutique-healer.com\/en\/wp-json\/wp\/v2\/product_cat?post=3633"},{"taxonomy":"product_tag","embeddable":true,"href":"https:\/\/boutique-healer.com\/en\/wp-json\/wp\/v2\/product_tag?post=3633"}],"curies":[{"name":"wp","href":"https:\/\/api.w.org\/{rel}","templated":true}]}}