{"id":3613,"date":"2016-06-14T00:13:25","date_gmt":"2016-06-13T22:13:25","guid":{"rendered":"http:\/\/boutique-healer.com\/?post_type=product&#038;p=3613"},"modified":"2024-11-23T13:13:50","modified_gmt":"2024-11-23T12:13:50","slug":"mp3-tu-sais","status":"publish","type":"product","link":"https:\/\/boutique-healer.com\/en\/boutique\/produits-francais\/mp3\/voix-feminines\/mp3-tu-sais\/","title":{"rendered":"MP3 M\u00e9ditation Tu sais"},"content":{"rendered":"","protected":false},"excerpt":{"rendered":"<p><strong>Tu sais<\/strong> <em>&#8211; <\/em>une m\u00e9ditation cr\u00e9\u00e9e par Martin Brofman et\u00a0guid\u00e9e par Annick Brofman en fran\u00e7ais, vous emmenant dans\u00a0une promenade dans la for\u00eat pour y rencontrer le grand\u00a0sage et lui poser vos questions. Une magnifique ballade,\u00a0riche en r\u00e9alisations.<\/p>\n<p>Musique : Namaste, Francisco Del Campo Wright.<\/p>\n","protected":false},"featured_media":3631,"template":"","meta":{"jetpack_post_was_ever_published":false,"jetpack_publicize_message":"","jetpack_publicize_feature_enabled":true,"jetpack_social_post_already_shared":true,"jetpack_social_options":{"image_generator_settings":{"template":"highway","default_image_id":0,"font":"","enabled":false},"version":2}},"product_brand":[],"product_cat":[128,6,215],"product_tag":[74,136,70,130],"class_list":{"0":"post-3613","1":"product","2":"type-product","3":"status-publish","4":"has-post-thumbnail","6":"product_cat-mp3","7":"product_cat-produits-francais","8":"product_cat-voix-feminines","9":"product_tag-guerison","10":"product_tag-guerisseur","11":"product_tag-meditation","12":"product_tag-mp3","14":"first","15":"instock","16":"downloadable","17":"virtual","18":"taxable","19":"purchasable","20":"product-type-simple"},"jetpack_publicize_connections":[],"jetpack_sharing_enabled":true,"_links":{"self":[{"href":"https:\/\/boutique-healer.com\/en\/wp-json\/wp\/v2\/product\/3613","targetHints":{"allow":["GET"]}}],"collection":[{"href":"https:\/\/boutique-healer.com\/en\/wp-json\/wp\/v2\/product"}],"about":[{"href":"https:\/\/boutique-healer.com\/en\/wp-json\/wp\/v2\/types\/product"}],"wp:featuredmedia":[{"embeddable":true,"href":"https:\/\/boutique-healer.com\/en\/wp-json\/wp\/v2\/media\/3631"}],"wp:attachment":[{"href":"https:\/\/boutique-healer.com\/en\/wp-json\/wp\/v2\/media?parent=3613"}],"wp:term":[{"taxonomy":"product_brand","embeddable":true,"href":"https:\/\/boutique-healer.com\/en\/wp-json\/wp\/v2\/product_brand?post=3613"},{"taxonomy":"product_cat","embeddable":true,"href":"https:\/\/boutique-healer.com\/en\/wp-json\/wp\/v2\/product_cat?post=3613"},{"taxonomy":"product_tag","embeddable":true,"href":"https:\/\/boutique-healer.com\/en\/wp-json\/wp\/v2\/product_tag?post=3613"}],"curies":[{"name":"wp","href":"https:\/\/api.w.org\/{rel}","templated":true}]}}