{"id":3609,"date":"2016-06-14T00:00:29","date_gmt":"2016-06-13T22:00:29","guid":{"rendered":"http:\/\/boutique-healer.com\/?post_type=product&#038;p=3609"},"modified":"2024-11-23T13:14:23","modified_gmt":"2024-11-23T12:14:23","slug":"mp3-meditation-harmonisation","status":"publish","type":"product","link":"https:\/\/boutique-healer.com\/en\/boutique\/produits-francais\/mp3\/voix-feminines\/mp3-meditation-harmonisation\/","title":{"rendered":"MP3 M\u00e9ditation Harmonisation"},"content":{"rendered":"","protected":false},"excerpt":{"rendered":"<p>M\u00e9ditation de gu\u00e9rison cr\u00e9e par Martin Brofman et guid\u00e9e par Annick Brofman.<\/p>\n<p>Musique arrang\u00e9e et interpr\u00e9t\u00e9e par Roop Verma.<\/p>\n<p>Cithare\u00a0: Roop Verma<\/p>\n<p>Tampura\u00a0: Tracy Verma<\/p>\n<p>Chants\u00a0: Roop, Tracy et Arjuna Verma<\/p>\n","protected":false},"featured_media":3600,"template":"","meta":{"jetpack_post_was_ever_published":false,"jetpack_publicize_message":"","jetpack_publicize_feature_enabled":true,"jetpack_social_post_already_shared":true,"jetpack_social_options":{"image_generator_settings":{"template":"highway","default_image_id":0,"font":"","enabled":false},"version":2}},"product_brand":[],"product_cat":[128,6,215],"product_tag":[74,72,70,130],"class_list":{"0":"post-3609","1":"product","2":"type-product","3":"status-publish","4":"has-post-thumbnail","6":"product_cat-mp3","7":"product_cat-produits-francais","8":"product_cat-voix-feminines","9":"product_tag-guerison","10":"product_tag-harmonisation","11":"product_tag-meditation","12":"product_tag-mp3","14":"first","15":"instock","16":"downloadable","17":"virtual","18":"taxable","19":"purchasable","20":"product-type-simple"},"jetpack_publicize_connections":[],"jetpack_sharing_enabled":true,"_links":{"self":[{"href":"https:\/\/boutique-healer.com\/en\/wp-json\/wp\/v2\/product\/3609","targetHints":{"allow":["GET"]}}],"collection":[{"href":"https:\/\/boutique-healer.com\/en\/wp-json\/wp\/v2\/product"}],"about":[{"href":"https:\/\/boutique-healer.com\/en\/wp-json\/wp\/v2\/types\/product"}],"wp:featuredmedia":[{"embeddable":true,"href":"https:\/\/boutique-healer.com\/en\/wp-json\/wp\/v2\/media\/3600"}],"wp:attachment":[{"href":"https:\/\/boutique-healer.com\/en\/wp-json\/wp\/v2\/media?parent=3609"}],"wp:term":[{"taxonomy":"product_brand","embeddable":true,"href":"https:\/\/boutique-healer.com\/en\/wp-json\/wp\/v2\/product_brand?post=3609"},{"taxonomy":"product_cat","embeddable":true,"href":"https:\/\/boutique-healer.com\/en\/wp-json\/wp\/v2\/product_cat?post=3609"},{"taxonomy":"product_tag","embeddable":true,"href":"https:\/\/boutique-healer.com\/en\/wp-json\/wp\/v2\/product_tag?post=3609"}],"curies":[{"name":"wp","href":"https:\/\/api.w.org\/{rel}","templated":true}]}}