{"id":3606,"date":"2016-06-13T23:39:49","date_gmt":"2016-06-13T21:39:49","guid":{"rendered":"http:\/\/boutique-healer.com\/?post_type=product&#038;p=3606"},"modified":"2016-06-13T23:44:35","modified_gmt":"2016-06-13T21:44:35","slug":"livre-voir_de_mieux_en_mieux","status":"publish","type":"product","link":"https:\/\/boutique-healer.com\/en\/boutique\/produits-francais\/livres\/livre-voir_de_mieux_en_mieux\/","title":{"rendered":"Livre Voir de mieux en mieux"},"content":{"rendered":"","protected":false},"excerpt":{"rendered":"<p>Les probl\u00e8mes visuels ne sont pas seulement dus \u00e0 des troubles d\u2019origine \u00ab\u00a0m\u00e9canique\u00a0\u00bb. Notre vue est directement connect\u00e9e \u00e0 nos attitudes mentales. Il existe en effet des liens entre notre mani\u00e8re d\u2019\u00eatre et notre mani\u00e8re de voir, car les probl\u00e8mes de vue sont le reflet de nos tensions int\u00e9rieures. Il est donc possible, par un travail de transformation personnelle, d\u2019am\u00e9liorer sa vue.<\/p>\n","protected":false},"featured_media":3607,"template":"","meta":{"jetpack_post_was_ever_published":false,"jetpack_publicize_message":"","jetpack_publicize_feature_enabled":true,"jetpack_social_post_already_shared":true,"jetpack_social_options":{"image_generator_settings":{"template":"highway","default_image_id":0,"font":"","enabled":false},"version":2}},"product_brand":[],"product_cat":[7,6],"product_tag":[102,86,74,94,88,126,124,100],"class_list":{"0":"post-3606","1":"product","2":"type-product","3":"status-publish","4":"has-post-thumbnail","6":"product_cat-livres","7":"product_cat-produits-francais","8":"product_tag-amelioration","9":"product_tag-brofman-fr","10":"product_tag-guerison","11":"product_tag-livre-fr","12":"product_tag-martin-fr","13":"product_tag-mieux","14":"product_tag-voir","15":"product_tag-vue","17":"first","18":"instock","19":"taxable","20":"shipping-taxable","21":"purchasable","22":"product-type-simple"},"jetpack_publicize_connections":[],"jetpack_sharing_enabled":true,"_links":{"self":[{"href":"https:\/\/boutique-healer.com\/en\/wp-json\/wp\/v2\/product\/3606","targetHints":{"allow":["GET"]}}],"collection":[{"href":"https:\/\/boutique-healer.com\/en\/wp-json\/wp\/v2\/product"}],"about":[{"href":"https:\/\/boutique-healer.com\/en\/wp-json\/wp\/v2\/types\/product"}],"wp:featuredmedia":[{"embeddable":true,"href":"https:\/\/boutique-healer.com\/en\/wp-json\/wp\/v2\/media\/3607"}],"wp:attachment":[{"href":"https:\/\/boutique-healer.com\/en\/wp-json\/wp\/v2\/media?parent=3606"}],"wp:term":[{"taxonomy":"product_brand","embeddable":true,"href":"https:\/\/boutique-healer.com\/en\/wp-json\/wp\/v2\/product_brand?post=3606"},{"taxonomy":"product_cat","embeddable":true,"href":"https:\/\/boutique-healer.com\/en\/wp-json\/wp\/v2\/product_cat?post=3606"},{"taxonomy":"product_tag","embeddable":true,"href":"https:\/\/boutique-healer.com\/en\/wp-json\/wp\/v2\/product_tag?post=3606"}],"curies":[{"name":"wp","href":"https:\/\/api.w.org\/{rel}","templated":true}]}}