{"id":3594,"date":"2016-06-13T23:13:39","date_gmt":"2016-06-13T21:13:39","guid":{"rendered":"http:\/\/boutique-healer.com\/fr\/produit\/cd-meditation-amelioration-vue\/"},"modified":"2021-09-01T13:49:08","modified_gmt":"2021-09-01T11:49:08","slug":"cd-meditation-amelioration-vue","status":"publish","type":"product","link":"https:\/\/boutique-healer.com\/en\/boutique\/produits-francais\/cds\/cd-meditation-amelioration-vue\/","title":{"rendered":"CD M\u00e9ditation Am\u00e9lioration de la vue"},"content":{"rendered":"","protected":false},"excerpt":{"rendered":"<p>M\u00e9ditations cr\u00e9es par Martin Brofman, auteur de Tout Peut \u00catre Gu\u00e9ri et Voir de Mieux en Mieux, et guid\u00e9es par Annick Brofman.<\/p>\n<p>Accompagnement musical compos\u00e9 et interpr\u00e9t\u00e9 par Laraaji, arrang\u00e9 par Samuel Brunel.<\/p>\n<p>1. \u00a0 \u00a0 Am\u00e9lioration de la vue avec la Lumi\u00e8re Blanche 26:20<\/p>\n<p>2. \u00a0 \u00a0 Exercices des Yeux avec la Lumi\u00e8re Blanche 39:15<\/p>\n","protected":false},"featured_media":3599,"template":"","meta":{"jetpack_post_was_ever_published":false,"jetpack_publicize_message":"","jetpack_publicize_feature_enabled":true,"jetpack_social_post_already_shared":true,"jetpack_social_options":{"image_generator_settings":{"template":"highway","default_image_id":0,"font":"","enabled":false},"version":2}},"product_brand":[],"product_cat":[66,6],"product_tag":[102,84,14,106,76,78,74,13,70,104,100],"class_list":{"0":"post-3594","1":"product","2":"type-product","3":"status-publish","4":"has-post-thumbnail","6":"product_cat-cds","7":"product_cat-produits-francais","8":"product_tag-amelioration","9":"product_tag-annick","10":"product_tag-brofman","11":"product_tag-brunel","12":"product_tag-cd","13":"product_tag-francais","14":"product_tag-guerison","15":"product_tag-martin","16":"product_tag-meditation","17":"product_tag-samuel","18":"product_tag-vue","20":"first","21":"instock","22":"taxable","23":"shipping-taxable","24":"purchasable","25":"product-type-simple"},"jetpack_publicize_connections":[],"jetpack_sharing_enabled":true,"_links":{"self":[{"href":"https:\/\/boutique-healer.com\/en\/wp-json\/wp\/v2\/product\/3594","targetHints":{"allow":["GET"]}}],"collection":[{"href":"https:\/\/boutique-healer.com\/en\/wp-json\/wp\/v2\/product"}],"about":[{"href":"https:\/\/boutique-healer.com\/en\/wp-json\/wp\/v2\/types\/product"}],"wp:featuredmedia":[{"embeddable":true,"href":"https:\/\/boutique-healer.com\/en\/wp-json\/wp\/v2\/media\/3599"}],"wp:attachment":[{"href":"https:\/\/boutique-healer.com\/en\/wp-json\/wp\/v2\/media?parent=3594"}],"wp:term":[{"taxonomy":"product_brand","embeddable":true,"href":"https:\/\/boutique-healer.com\/en\/wp-json\/wp\/v2\/product_brand?post=3594"},{"taxonomy":"product_cat","embeddable":true,"href":"https:\/\/boutique-healer.com\/en\/wp-json\/wp\/v2\/product_cat?post=3594"},{"taxonomy":"product_tag","embeddable":true,"href":"https:\/\/boutique-healer.com\/en\/wp-json\/wp\/v2\/product_tag?post=3594"}],"curies":[{"name":"wp","href":"https:\/\/api.w.org\/{rel}","templated":true}]}}