{"id":3544,"date":"2016-06-11T15:15:46","date_gmt":"2016-06-11T13:15:46","guid":{"rendered":"http:\/\/boutique-healer.com\/?post_type=product&#038;p=3544"},"modified":"2021-09-01T13:48:01","modified_gmt":"2021-09-01T11:48:01","slug":"cd-meditation-harmonisation","status":"publish","type":"product","link":"https:\/\/boutique-healer.com\/en\/boutique\/produits-francais\/cds\/cd-meditation-harmonisation\/","title":{"rendered":"CD M\u00e9ditation Harmonisation"},"content":{"rendered":"","protected":false},"excerpt":{"rendered":"<p>M\u00e9ditations de gu\u00e9rison cr\u00e9es par Martin Brofman et guid\u00e9es par Annick Brofman.<\/p>\n<p>Musique arrang\u00e9e et interpr\u00e9t\u00e9e par Roop Verma.<\/p>\n<p>Cithare\u00a0: Roop Verma<\/p>\n<p>Tampura\u00a0: Tracy Verma<\/p>\n<p>Chants\u00a0: Roop, Tracy et Arjuna Verma<\/p>\n<p>1. \u00a0 \u00a0\u00a0Harmonisation 30:04<\/p>\n<p>Guid\u00e9e par Annick Brofman<\/p>\n<p>2. \u00a0 \u00a0\u00a0Amour et \u00c9nergie 29:59<\/p>\n<p>Guid\u00e9e par Annick Brofman<\/p>\n","protected":false},"featured_media":3600,"template":"","meta":{"jetpack_post_was_ever_published":false,"jetpack_publicize_message":"","jetpack_publicize_feature_enabled":true,"jetpack_social_post_already_shared":false,"jetpack_social_options":{"image_generator_settings":{"template":"highway","default_image_id":0,"font":"","enabled":false},"version":2}},"product_brand":[],"product_cat":[66,6],"product_tag":[84,14,76,78,74,72,13,70,80,82],"class_list":{"0":"post-3544","1":"product","2":"type-product","3":"status-publish","4":"has-post-thumbnail","6":"product_cat-cds","7":"product_cat-produits-francais","8":"product_tag-annick","9":"product_tag-brofman","10":"product_tag-cd","11":"product_tag-francais","12":"product_tag-guerison","13":"product_tag-harmonisation","14":"product_tag-martin","15":"product_tag-meditation","16":"product_tag-roop","17":"product_tag-verma","19":"first","20":"instock","21":"taxable","22":"shipping-taxable","23":"purchasable","24":"product-type-simple"},"jetpack_publicize_connections":[],"jetpack_sharing_enabled":true,"_links":{"self":[{"href":"https:\/\/boutique-healer.com\/en\/wp-json\/wp\/v2\/product\/3544","targetHints":{"allow":["GET"]}}],"collection":[{"href":"https:\/\/boutique-healer.com\/en\/wp-json\/wp\/v2\/product"}],"about":[{"href":"https:\/\/boutique-healer.com\/en\/wp-json\/wp\/v2\/types\/product"}],"wp:featuredmedia":[{"embeddable":true,"href":"https:\/\/boutique-healer.com\/en\/wp-json\/wp\/v2\/media\/3600"}],"wp:attachment":[{"href":"https:\/\/boutique-healer.com\/en\/wp-json\/wp\/v2\/media?parent=3544"}],"wp:term":[{"taxonomy":"product_brand","embeddable":true,"href":"https:\/\/boutique-healer.com\/en\/wp-json\/wp\/v2\/product_brand?post=3544"},{"taxonomy":"product_cat","embeddable":true,"href":"https:\/\/boutique-healer.com\/en\/wp-json\/wp\/v2\/product_cat?post=3544"},{"taxonomy":"product_tag","embeddable":true,"href":"https:\/\/boutique-healer.com\/en\/wp-json\/wp\/v2\/product_tag?post=3544"}],"curies":[{"name":"wp","href":"https:\/\/api.w.org\/{rel}","templated":true}]}}