{"id":3560,"date":"2016-06-11T20:03:31","date_gmt":"2016-06-11T18:03:31","guid":{"rendered":"http:\/\/boutique-healer.com\/?page_id=3560"},"modified":"2016-06-11T20:04:45","modified_gmt":"2016-06-11T18:04:45","slug":"conditions-generales-de-vente","status":"publish","type":"page","link":"https:\/\/boutique-healer.com\/en\/conditions-generales-de-vente\/","title":{"rendered":"Conditions g\u00e9n\u00e9rales de vente"},"content":{"rendered":"<h3><strong>Conditions g\u00e9n\u00e9rales de vente<\/strong><\/h3>\n<p>Les pr\u00e9sentes conditions de vente sont conclues d\u2019une part par la soci\u00e9t\u00e9 &#8221; Annick Brofman Boutique &#8221; dont le si\u00e8ge social est \u00e0 48B Avenue de Villaine 06240 Beausoleil France, immatricul\u00e9e au registre du commerce et des soci\u00e9t\u00e9s de Aix-en-Provence sous le num\u00e9ro 805 378 874 00012 ci-apr\u00e8s d\u00e9nomm\u00e9e &#8221; Annick Brofman Boutique &#8221; et d\u2019autre part, par toute personne physique ou morale souhaitant proc\u00e9der \u00e0 un achat via le site Internet de &#8221; www.boutique-healer.com &#8221; d\u00e9nomm\u00e9e ci-apr\u00e8s &#8221; l\u2019acheteur &#8220;.<\/p>\n<p><strong>Objet<\/strong><\/p>\n<p>Les pr\u00e9sentes conditions de vente visent \u00e0 d\u00e9finir les relations contractuelles entre Annick Brofman Boutique \u00a0et l\u2019acheteur et les conditions applicables \u00e0 tout achat effectu\u00e9 par le biais du site marchand www.boutique-healer.com, que l\u2019acheteur soit professionnel ou consommateur.<\/p>\n<p>Toute commande effectu\u00e9e par le biais du pr\u00e9sent site (et quel que soit le mode de commande) implique une acceptation sans r\u00e9serve par le client des pr\u00e9sentes conditions de vente. Ces conditions de vente pr\u00e9vaudront sur toutes autres conditions g\u00e9n\u00e9rales ou particuli\u00e8res non express\u00e9ment agr\u00e9\u00e9es par Annick Brofman Boutique. Annick Brofman Boutique \u00a0se r\u00e9serve le droit de pouvoir modifier ses conditions de vente \u00e0 tout moment. Dans ce cas, les conditions applicables seront celles en vigueur \u00e0 la date de la commande par l&#8217;acheteur. Les conditions g\u00e9n\u00e9rales de vente sont conclues pour la dur\u00e9e n\u00e9cessaire \u00e0 la fourniture des articles.<\/p>\n<p><strong>Disponibilit\u00e9<\/strong><\/p>\n<p>Annick Brofman Boutique honore les commandes re\u00e7ues dans la limite des stocks disponibles.<\/p>\n<p>Lorsqu&#8217;il y a une indisponibilit\u00e9 sur un produit command\u00e9, le Client en est inform\u00e9 (ainsi que du d\u00e9lai de disponibilit\u00e9) par courrier \u00e9lectronique ou sur la facture des produits exp\u00e9di\u00e9s dans le cas d&#8217;une commande de plusieurs articles. Annick Brofman Boutique \u00a0ne pourra en aucun cas voir sa responsabilit\u00e9 engag\u00e9e.<\/p>\n<p>Le d\u00e9lai moyen indiqu\u00e9 ne constitue pas un d\u00e9lai de rigueur et Annick Brofman Boutique \u00a0ne pourra voir sa responsabilit\u00e9 engag\u00e9e en cas de retard de livraison ou de rupture de stock chez le fournisseur.<\/p>\n<p>Ces produits sont propos\u00e9s dans la limite des stocks disponibles. Seule la rupture d\u00e9finitive d&#8217;un article chez nos fournisseurs entra\u00eene la suppression de celui-ci de notre offre de vente.<\/p>\n<p>Annick Brofman Boutique \u00a0retirera alors dans les meilleurs d\u00e9lais ce(s) article(s) de son catalogue. Annick Brofman Boutique \u00a0ne pourra en \u00eatre tenu responsable et cela ne pourra pas donner un droit de poursuite au profit du Client.<\/p>\n<p>Dans le cas d&#8217;indisponibilit\u00e9 et de rupture de stock, le Client pourra demander \u00e0 se faire rembourser ou un avoir pourra \u00eatre \u00e9tabli \u00e0 son profit pour une commande ult\u00e9rieure.<\/p>\n<p><strong>Les offres et les prix<\/strong><\/p>\n<p>Les offres et les prix propos\u00e9s sur le site www.boutique-healer.com \u00a0sont exclusifs.<\/p>\n<p>&nbsp;<\/p>\n<p>Les prix de nos produits sont indiqu\u00e9s en euros TTC, une participation forfaitaire aux frais de port, d&#8217;emballage et de traitement de la commande, suivant tarif en vigueur vous est demand\u00e9e en suppl\u00e9ment du prix des produits.<\/p>\n<p>Les offres et les prix sont susceptibles de variations en cours d&#8217;ann\u00e9e, \u00e9tant bien entendu que les produits command\u00e9s sont factur\u00e9s aux prix en vigueur (c&#8217;est-\u00e0-dire affich\u00e9s sur le site) au moment de la passation de la commande par l&#8217;acheteur.<\/p>\n<p>Les offres promotionnelles sont valables pendant la dur\u00e9e de validit\u00e9 qu&#8217;elles mentionnent et tant qu&#8217;elles sont affich\u00e9es sur le site, ainsi que dans la limite des stocks disponibles. Les commandes ne peuvent \u00eatre accept\u00e9es que si les prix mentionn\u00e9s sont conformes \u00e0 ceux de l&#8217;offre en vigueur.<\/p>\n<p>Le prix est payable en totalit\u00e9 et en un seul versement \u00e0 la commande. Toutes les commandes sont factur\u00e9es en euros et payables en euros.<\/p>\n<p><strong>Frais de port<\/strong><\/p>\n<p>Livraison par Lettre suivie et relais colis<\/p>\n<p>Pour chaque commande, il est demand\u00e9 une participation forfaitaire aux frais de mise \u00e0 disposition qui inclut les frais de port, l&#8217;emballage et le traitement de la commande.<\/p>\n<p><strong>Commandes<\/strong><\/p>\n<p>Le Client peut passer commande par :<\/p>\n<p>Internet sur le site www.boutique-healer.com<\/p>\n<p>L&#8217;acheteur, qui souhaite passer commande par internet doit obligatoirement :<\/p>\n<p>Cr\u00e9er un \u00abcompte client\u00bb dans lequel il indiquera toutes les coordonn\u00e9es demand\u00e9es,<\/p>\n<p>Constituer un \u00abpanier\u00bb en ligne en s\u00e9lectionnant tous les produits choisis,<\/p>\n<p>Accepter les pr\u00e9sentes conditions g\u00e9n\u00e9rales de vente,<\/p>\n<p>Valider sa commande apr\u00e8s l&#8217;avoir v\u00e9rifi\u00e9e,<\/p>\n<p>Effectuer le paiement dans les conditions pr\u00e9vues.<\/p>\n<p>La confirmation de commande suppose l&#8217;adh\u00e9sion sans restriction ni r\u00e9serve aux pr\u00e9sentes conditions g\u00e9n\u00e9rales de vente. Toute commande vaut acceptation des prix et description des articles disponibles \u00e0 la vente.<\/p>\n<p>Le client passant commande sur ce site s\u2019engage \u00e0 avoir atteint l\u2019\u00e2ge minimum l\u00e9galement requis.<\/p>\n<p>Conform\u00e9ment aux dispositions du Code Civil sur la conclusion des contrats en ligne, le contrat sera conclu en fran\u00e7ais et seulement lorsque vous cliquerez sur le bouton vous permettant de confirmer votre commande apr\u00e8s avoir visualis\u00e9 le d\u00e9tail de celle-ci et en particulier son prix total et avoir eu la possibilit\u00e9 de corriger d\u2019\u00e9ventuelles erreurs.<\/p>\n<p>A partir du moment o\u00f9 l&#8217;acheteur a enregistr\u00e9 sa commande en cliquant sur l&#8217;ic\u00f4ne valider, il est consid\u00e9r\u00e9 comme ayant accept\u00e9 en connaissance de cause et sans r\u00e9serves les pr\u00e9sentes conditions g\u00e9n\u00e9rales de vente, les prix, volumes et quantit\u00e9s de produits propos\u00e9s \u00e0 la vente et command\u00e9s.<\/p>\n<p>Sauf preuve contraire, les donn\u00e9es enregistr\u00e9es par Annick Brofman Boutique \u00a0constituent la preuve de l&#8217;ensemble des transactions pass\u00e9es par Annick Brofman Boutique \u00a0\u00a0et ses clients.<\/p>\n<p><strong>R\u00e9tractation<\/strong><\/p>\n<p>Les acheteurs, personnes physiques non professionnelles, b\u00e9n\u00e9ficient d\u2019un d\u00e9lai de r\u00e9tractation de sept jours \u00e0 compter de la livraison de leur commande pour faire retour du produit au vendeur pour \u00e9change ou remboursement sans p\u00e9nalit\u00e9, \u00e0 l\u2019exception des frais de retour.<\/p>\n<p>Le remboursement sera effectu\u00e9 avec le m\u00eame moyen de paiement que celui choisi \u00e0 la validation de votre commande. Les retours sont \u00e0 effectuer dans leurs emballages d&#8217;origines, complets (accessoires, notice&#8230;) en \u00e9tats, le droit de r\u00e9tractation ne peut \u00eatre exerc\u00e9 que pour des produits se trouvant dans un \u00e9tat permettant une nouvelle commercialisation.<\/p>\n<p>Le produit dans son emballage d&#8217;origine doit \u00eatre envoy\u00e9 aux frais du client \u00e0 l&#8217;adresse suivante :<\/p>\n<p>Annick Brofman Boutique<\/p>\n<p>48B Avenue de Villaine<\/p>\n<p>06240 Beausoleil<\/p>\n<p>FRANCE<\/p>\n<p>(Nous vous invitons \u00e0 effectuer votre renvoi par courrier suivi, dans l&#8217;\u00e9ventualit\u00e9 o\u00f9 celui-ci serait perdu lors de l&#8217;envoi postal, la responsabilit\u00e9 Annick Brofman Boutique ne pourrait \u00eatre engag\u00e9e)<\/p>\n<p>Aucun envoi en contre-remboursement ne sera accept\u00e9, quel qu&#8217;en soit le motif.<\/p>\n<p>En cas de retours abusifs, Annick Brofman Boutique \u00a0se r\u00e9serve le droit de refuser toute commande ult\u00e9rieure. Le client sera int\u00e9gralement rembours\u00e9 des sommes vers\u00e9es dans les meilleurs d\u00e9lais et au plus tard dans les 14 jours suivant la date \u00e0 laquelle il a exerc\u00e9 son droit de r\u00e9tractation.<\/p>\n<p>&nbsp;<\/p>\n<p><strong>Remboursement<\/strong><\/p>\n<p>Les remboursements des produits seront effectu\u00e9s dans un d\u00e9lai inf\u00e9rieur ou \u00e9gal \u00e0 30 jours apr\u00e8s la r\u00e9ception des produits par nos soins.<\/p>\n<p>Le remboursement s&#8217;effectuera en fonction de votre mode de paiement soit par cr\u00e9dit sur votre compte bancaire, soit par ch\u00e8que, soit par Paypal.<\/p>\n<p>Aucun envoi en contre remboursement ne sera accept\u00e9, quel qu&#8217;en soit le motif.<\/p>\n<p>Annick Brofman Boutique se r\u00e9serve le droit d&#8217;annuler et de rembourser toutes les commandes effectu\u00e9es par un professionnel.<\/p>\n<p><strong>Modalit\u00e9s de paiement<\/strong><\/p>\n<p>Nous ne gardons pas dans notre base de donn\u00e9es des informations personnelles ou financi\u00e8res lors du traitement de votre paiement<\/p>\n<p>Le site Annick Brofman Boutique\u00a0vous permet de passer et de valider votre commande en ligne en r\u00e9glant par carte de cr\u00e9dit. Le paiement est effectu\u00e9 directement en ligne par une transaction s\u00e9curis\u00e9e, directement aupr\u00e8s de notre partenaire Cr\u00e9dit Agricole.<\/p>\n<p>Les donn\u00e9es de paiement sont \u00e9chang\u00e9es en mode crypt\u00e9 via le protocole SSL<\/p>\n<p>Le d\u00e9bit de la carte est g\u00e9n\u00e9ralement effectu\u00e9 au moment de l&#8217;exp\u00e9dition de votre commande.<\/p>\n<p>Si vous pr\u00e9f\u00e9rez ne pas transmettre votre num\u00e9ro de carte de cr\u00e9dit sur Internet, le site Annick Brofman Boutique vous permet aussi d&#8217;imprimer votre commande et de nous la transmettre par courrier (dans ce cas vous avez aussi la possibilit\u00e9 de joindre un ch\u00e8que du montant de la commande).<\/p>\n<p>Paiement par ch\u00e8que : ch\u00e8que en euros, compensable par une banque fran\u00e7aise, libell\u00e9 \u00e0 l&#8217;ordre d\u2019Annick Brofman Boutique.<\/p>\n<p>Attention : en choisissant de payer par ch\u00e8que, la commande ne sera trait\u00e9e qu&#8217;apr\u00e8s encaissement de celui-ci et les d\u00e9lais ne d\u00e9buteront qu&#8217;\u00e0 partir de ce moment.<\/p>\n<p>Avant de valider le mode de paiement et de poursuivre la commande, le Client est invit\u00e9 \u00e0 v\u00e9rifier attentivement l&#8217;ensemble des informations inscrites par ses soins dans les zones pr\u00e9vues \u00e0 cet effet.<\/p>\n<p>Une d\u00e9claration irr\u00e9guli\u00e8re ou une anomalie pourra \u00e9galement faire l&#8217;objet d&#8217;un traitement sp\u00e9cifique. Ainsi des justificatifs d&#8217;adresse et d&#8217;identit\u00e9 pourront \u00eatre demand\u00e9s sur certains types de commande.<\/p>\n<p>Lorsque vous commandez par courrier ou via le site www.boutique-healer.com, le d\u00e9bit de la carte bancaire ou l&#8217;encaissement du ch\u00e8que sera effectu\u00e9 le jour de l&#8217;exp\u00e9dition.<\/p>\n<p><strong>CLAUSE DE RESERVE DE PROPIETE :<\/strong><\/p>\n<p>LES PRODUITS RESTENT NOTRE PROPRIETE JUSQU&#8217;A COMPLET PAIEMENT.<\/p>\n<p><strong>Livraison<\/strong><\/p>\n<p>Livraison par Lettre suivie et relais colis.<\/p>\n<p>Pour chaque commande, il est demand\u00e9 une participation forfaitaire aux frais de mise \u00e0 disposition qui inclut les frais de port, l&#8217;emballage et le traitement de la commande.<\/p>\n<p>Les produits seront envoy\u00e9s \u00e0 l&#8217;adresse de livraison que l&#8217;acheteur a indiqu\u00e9e au cours du processus de commande. En cas d&#8217;erreur dans le libell\u00e9 des coordonn\u00e9es du destinataire, le vendeur ne saurait \u00eatre tenu responsable de l&#8217;impossibilit\u00e9 dans laquelle il pourrait \u00eatre de livrer le produit. La participation aux frais de port s&#8217;entend TTC.<\/p>\n<p>Annick Brofman Boutique s&#8217;engage \u00e0 effectuer les livraisons des articles command\u00e9s sur Internet dans les plus brefs d\u00e9lais, et chaque fois que possible, d\u2019exp\u00e9dier votre colis dans les 48h, apr\u00e8s traitement de votre commande.<\/p>\n<p>Vous recevrez donc votre colis dans un d\u00e9lai moyen de 4 jours ouvr\u00e9s (d\u00e9lai postal inclus) et au maximum dans un d\u00e9lai de 15 jours ouvr\u00e9s.<\/p>\n<p>Si le d\u00e9lai maximal ne pouvait \u00eatre tenu, vous pouvez conform\u00e9ment \u00e0 la loi CHATEL, r\u00e9silier votre commande, sans frais.<\/p>\n<p>En cas de d\u00e9fauts apparents, l&#8217;acheteur b\u00e9n\u00e9ficie du droit de retour dans les conditions pr\u00e9vues dans ce document. Pour des raisons de disponibilit\u00e9, une commande peut \u00eatre livr\u00e9e en plusieurs fois au client. Le client ne r\u00e8gle alors qu&#8217;une seule livraison. Si le client souhaite 2 lieux de livraison, il passe 2 commandes, avec les frais de livraison li\u00e9s.<\/p>\n<p>Pour r\u00e9duire au maximum les frais de transport, tous les produits d&#8217;encombrement faible ou moyen sont exp\u00e9di\u00e9s par un service de la poste lettre Suivie. Outre le fait d&#8217;\u00eatre \u00e9conomique, ce service livre en 48H dans toute la France et vous offre la possibilit\u00e9 de r\u00e9cup\u00e9rer les produits command\u00e9s \u00e0 votre bureau de poste proche de l&#8217;adresse de livraison en cas d&#8217;absence du lieu de livraison initiale lors de la pr\u00e9sentation du facteur. Concr\u00e8tement, si vous \u00eates absent le jour de la livraison, votre facteur vous laissera un avis de passage dans votre bo\u00eete aux lettres, qui vous permettra de retirer votre colis \u00e0 votre bureau de Poste pendant les heures d&#8217;ouverture, dans un d\u00e9lai de 15 jours. Attention cet avis peut s&#8217;\u00eatre gliss\u00e9 dans vos publicit\u00e9s, aussi n&#8217;h\u00e9sitez pas \u00e0 vous rendre \u00e0 votre bureau de Poste avec votre num\u00e9ro de Colissimo qui vous a \u00e9t\u00e9 envoy\u00e9 par email le jour de l&#8217;exp\u00e9dition de votre commande pour r\u00e9cup\u00e9rer votre colis.<\/p>\n<p>Aucune r\u00e9clamation concernant la non r\u00e9ception d&#8217;un Colissimo ne sera accept\u00e9e par nos services au-del\u00e0 d&#8217;un mois apr\u00e8s exp\u00e9dition. Attention, aucune contestation de livraison en retard concernant un Colissimo ne donnera lieu \u00e0 une indemnisation Annick Brofman Boutique.<\/p>\n<p><strong>Colis d\u00e9t\u00e9rior\u00e9<\/strong><\/p>\n<p>Si votre colis vous est remis directement dans votre boite aux lettres ou par votre facteur et est malheureusement ab\u00eem\u00e9: Il faut imp\u00e9rativement vous rendre dans votre bureau de poste afin de leur demander un constat de d\u00e9t\u00e9rioration sans l&#8217;ouvrir. Si celui-ci n&#8217;est pas demand\u00e9 le jour m\u00eame de votre livraison, la poste refusera de vous le transmettre et donc nos services ne pourront acc\u00e9der \u00e0 aucune demande d&#8217;indemnisation.<\/p>\n<p>Apr\u00e8s r\u00e9ception et acceptation de votre colis par nos services, un avoir (total de la commande, frais de port d\u00e9duits) sera cr\u00e9dit\u00e9 sur votre compte client dans les 48h suivant la r\u00e9ception de votre colis par Annick Brofman Boutique. Vous pourrez ensuite repasser votre commande.<\/p>\n<p>Les retours sous le motif \u00ab\u00a0non r\u00e9clam\u00e9\u00a0\u00bb<\/p>\n<p>Ce sont les colis qui n&#8217;ont pas \u00e9t\u00e9 r\u00e9clam\u00e9s par les clients au bureau de Poste dans les d\u00e9lais impartis. (15 jours).<\/p>\n<p><strong>Traitement d&#8217;un retour sous le motif \u00ab\u00a0non r\u00e9clam\u00e9\u00a0\u00bb.<\/strong><\/p>\n<p>Apr\u00e8s r\u00e9ception et acceptation de votre colis par nos services, un avoir (total de la commande, frais de port d\u00e9duits) sera cr\u00e9dit\u00e9 sur votre compte client dans les 48h suivant la r\u00e9ception de votre colis. Vous pourrez ensuite repasser votre commande.<\/p>\n<p>Colissimo Suivi est un service tr\u00e8s fiable. Toutefois, il se peut, comme dans toute exp\u00e9dition, qu&#8217;il puisse y avoir un retard de livraison ou que le produit s&#8217;\u00e9gare. En cas de retard de livraison par rapport \u00e0 la date que nous vous avons indiqu\u00e9 dans le mail d&#8217;exp\u00e9dition, nous vous demandons de nous signaler ce retard en nous appelant par t\u00e9l\u00e9phone ou en nous envoyant un mail. Nous contacterons alors la Poste pour faire d\u00e9marrer une enqu\u00eate. Une enqu\u00eate de la Poste peut durer jusqu&#8217;\u00e0 21 jours \u00e0 compter de la date de d\u00e9but de l&#8217;enqu\u00eate. Si pendant ce d\u00e9lai, le produit est retrouv\u00e9, il sera renvoy\u00e9 imm\u00e9diatement \u00e0 votre domicile (la majorit\u00e9 des cas). Si en revanche le produit n&#8217;est pas retrouv\u00e9 \u00e0 l&#8217;issue du d\u00e9lai de 21 jours d&#8217;enqu\u00eate, la Poste consid\u00e8re le colis comme perdu. C&#8217;est seulement \u00e0 ce moment que nous pouvons vous renvoyer un produit de remplacement, \u00e0 nos frais. Si le ou les produits command\u00e9s n&#8217;\u00e9taient plus disponibles \u00e0 ce moment, nous vous rembourserions le montant des produits concern\u00e9s par la perte du transporteur. Si le ou les produits \u00e9taient encore disponibles, mais avaient chang\u00e9 de prix de vente sur le site, nous appliquerions les nouveaux prix de vente, soit en vous remboursant par ch\u00e8que de la diff\u00e9rence, soit en demandant un ch\u00e8que compl\u00e9mentaire concernant cet \u00e9cart de prix. Nous d\u00e9clinons toute responsabilit\u00e9 quant \u00e0 l&#8217;allongement des d\u00e9lais de livraison du fait du transporteur, notamment en cas de perte des produits ou de gr\u00e8ve.<\/p>\n<p><strong>Les commandes livr\u00e9es hors de l&#8217;Union Europ\u00e9enne :<\/strong><\/p>\n<p>Une commande livr\u00e9e hors de l&#8217;Union Europ\u00e9enne est consid\u00e9r\u00e9e comme une importation par l&#8217;acheteur du\/des produits concern\u00e9s. Il incombe \u00e0 l&#8217;acheteur de se renseigner aupr\u00e8s des autorit\u00e9s locales sur les droits de douane, taxes locales et autres droits d&#8217;importation susceptibles de lui \u00eatre r\u00e9clam\u00e9s, ces droits ne relevant pas de Annick Brofman Boutique.<\/p>\n<p>Les produits commercialis\u00e9s par Annick Brofman Boutique sont conformes \u00e0 la r\u00e9glementation fran\u00e7aise. Il appartient donc \u00e0 l&#8217;acheteur de s&#8217;informer aupr\u00e8s de l&#8217;autorit\u00e9 locale de son pays des \u00e9ventuelles limitations d&#8217;importation et d&#8217;utilisation des produits command\u00e9s.<\/p>\n<p>Annick Brofman Boutique ne saurait \u00eatre tenu pour responsable de l&#8217;achat d&#8217;un produit consid\u00e9r\u00e9 comme non-conforme dans un pays donn\u00e9, alors que ce produit est conforme \u00e0 la r\u00e9glementation fran\u00e7aise.<\/p>\n<p><strong>Responsabilit\u00e9<\/strong><\/p>\n<p>Annick Brofman Boutique, dans le processus de vente en ligne, n&#8217;est tenu que par une obligation de moyens. Sa responsabilit\u00e9 ne pourra \u00eatre engag\u00e9e pour un dommage r\u00e9sultant de l&#8217;utilisation du r\u00e9seau Internet tel que perte de donn\u00e9es, intrusion, virus, rupture du service, ou autres probl\u00e8mes involontaires.<\/p>\n<p><strong>Propri\u00e9t\u00e9 intellectuelle<\/strong><\/p>\n<p>Tous les \u00e9l\u00e9ments du site www.boutique-healer.com sont et restent la propri\u00e9t\u00e9 intellectuelle et exclusive de Annick Brofman Boutique. Personne n&#8217;est autoris\u00e9 \u00e0 reproduire, exploiter, rediffuser, ou utiliser \u00e0 quelque titre que ce soit, m\u00eame partiellement, des \u00e9l\u00e9ments du site qu&#8217;ils soient logiciels, textes ou visuels. Tout lien simple ou par hypertexte est strictement interdit sans un accord \u00e9crit express de Annick Brofman Boutique.<\/p>\n<p><strong>Donn\u00e9es \u00e0 caract\u00e8re personnel<\/strong><\/p>\n<p>Conform\u00e9ment \u00e0 la loi relative \u00e0 l\u2019informatique, aux fichiers et aux libert\u00e9s du 6 janvier 1978, les informations \u00e0 caract\u00e8re nominatif relatives aux acheteurs pourront faire l\u2019objet d\u2019un traitement automatis\u00e9.<\/p>\n<p>Annick Brofman Boutique se r\u00e9serve le droit de collecter des informations sur les acheteurs y compris en utilisant des cookies, et, s\u2019il le souhaite, de transmettre \u00e0 des partenaires commerciaux les informations collect\u00e9es.<\/p>\n<p>Les acheteurs peuvent s\u2019opposer \u00e0 la divulgation de leurs coordonn\u00e9es en le signalant \u00e0 Annick Brofman Boutique. De m\u00eame, les utilisateurs disposent d\u2019un droit d\u2019acc\u00e8s et de rectification des donn\u00e9es les concernant, conform\u00e9ment \u00e0 la loi du 6 janvier 1978.<\/p>\n<p>Le traitement automatis\u00e9 d\u2019informations, y compris la gestion des adresses e-mail des utilisateurs du site a fait l\u2019objet d\u2019une d\u00e9claration \u00e0 la CNIL le 02\/06\/2015 enregistr\u00e9e sous le num\u00e9ro 1864255.<\/p>\n<p><strong>R\u00e8glement des litiges<\/strong><\/p>\n<p>Les pr\u00e9sentes conditions de vente en ligne sont soumises \u00e0 la loi fran\u00e7aise.<\/p>\n<p>En cas de litige, le consommateur peut saisir \u00e0 son choix, outre l&#8217;une des juridictions comp\u00e9tentes en vertu du code de proc\u00e9dure civile, la juridiction du lieu o\u00f9 il demeurait au moment de la conclusion du contrat de vente, nonobstant pluralit\u00e9 de d\u00e9fendeurs ou appel en garantie.<\/p>\n<p><strong>Informations nominatives<\/strong><\/p>\n<p>Annick Brofman Boutique s&#8217;engage \u00e0 ne pas divulguer \u00e0 des tiers les informations communiqu\u00e9es par les acheteurs et les visiteurs sur le site. Celles-ci sont confidentielles. Elles ne seront utilis\u00e9es par ses services internes que pour le traitement de la commande et que pour renforcer et personnaliser la communication notamment par les lettres \/ e-mails d&#8217;information ainsi que dans le cadre de la personnalisation du site en fonction des pr\u00e9f\u00e9rences constat\u00e9es des utilisateurs.<\/p>\n<p>Le pr\u00e9sent article ne pourra emp\u00eacher la cession ni le transfert d&#8217;activit\u00e9s \u00e0 un tiers. Conform\u00e9ment \u00e0 la loi informatique et libert\u00e9s du 6 janvier 1978, l&#8217;acheteur dispose d&#8217;un droit d&#8217;acc\u00e8s, de rectification, et d&#8217;opposition aux donn\u00e9es personnelles le concernant. Pour cela il suffit d&#8217;en faire la demande par e-mail ou par courrier en indiquant votre adresse e-mail, nom, pr\u00e9nom et adresse.<\/p>\n","protected":false},"excerpt":{"rendered":"<p>Conditions g\u00e9n\u00e9rales de vente Les pr\u00e9sentes conditions de vente sont conclues d\u2019une part par la soci\u00e9t\u00e9 &#8221; Annick Brofman Boutique &#8221; dont le si\u00e8ge social est<span class=\"excerpt-hellip\"> [\u2026]<\/span><\/p>\n","protected":false},"author":1,"featured_media":0,"parent":0,"menu_order":0,"comment_status":"closed","ping_status":"closed","template":"","meta":{"jetpack_post_was_ever_published":false,"footnotes":""},"jetpack_sharing_enabled":true,"jetpack_shortlink":"https:\/\/wp.me\/P7DtBT-Vq","_links":{"self":[{"href":"https:\/\/boutique-healer.com\/en\/wp-json\/wp\/v2\/pages\/3560"}],"collection":[{"href":"https:\/\/boutique-healer.com\/en\/wp-json\/wp\/v2\/pages"}],"about":[{"href":"https:\/\/boutique-healer.com\/en\/wp-json\/wp\/v2\/types\/page"}],"author":[{"embeddable":true,"href":"https:\/\/boutique-healer.com\/en\/wp-json\/wp\/v2\/users\/1"}],"replies":[{"embeddable":true,"href":"https:\/\/boutique-healer.com\/en\/wp-json\/wp\/v2\/comments?post=3560"}],"version-history":[{"count":1,"href":"https:\/\/boutique-healer.com\/en\/wp-json\/wp\/v2\/pages\/3560\/revisions"}],"predecessor-version":[{"id":3561,"href":"https:\/\/boutique-healer.com\/en\/wp-json\/wp\/v2\/pages\/3560\/revisions\/3561"}],"wp:attachment":[{"href":"https:\/\/boutique-healer.com\/en\/wp-json\/wp\/v2\/media?parent=3560"}],"curies":[{"name":"wp","href":"https:\/\/api.w.org\/{rel}","templated":true}]}}