{"id":3558,"date":"2016-06-11T20:03:07","date_gmt":"2016-06-11T18:03:07","guid":{"rendered":"http:\/\/boutique-healer.com\/?page_id=3558"},"modified":"2021-12-13T16:03:22","modified_gmt":"2021-12-13T15:03:22","slug":"mentions-legales","status":"publish","type":"page","link":"https:\/\/boutique-healer.com\/en\/mentions-legales\/","title":{"rendered":"Mentions l\u00e9gales"},"content":{"rendered":"<h2>Mentions l\u00e9gales<\/h2>\n<h2>Propri\u00e9taire<\/h2>\n<p>Propri\u00e9taire du site :\u00a0Annick Brofman Boutique<br \/>\nDirecteur de publication :\u00a0Annick Brofman<br \/>\nAnnick Brofman Boutique<br \/>\nSIRET :\u00a0808 571 699 00012<\/p>\n<p>Si\u00e8ge Social :\u00a048B Avenue de Villaine 06240 Beausoleil &#8211; France<br \/>\nTel :\u00a006 82 25 88 68<br \/>\nE-mail :\u00a0contact@boutique-healer.com<\/p>\n<h2>H\u00e9bergement du site internet<\/h2>\n<p>LWS \u2013 4 Rue Galvani \u2013 75017 Paris &#8211; RCS Paris B 450 453 881 &#8211; APE 723Z SIRET 45045388100010<\/p>\n","protected":false},"excerpt":{"rendered":"<p>Mentions l\u00e9gales Propri\u00e9taire Propri\u00e9taire du site :\u00a0Annick Brofman Boutique Directeur de publication :\u00a0Annick Brofman Annick Brofman Boutique SIRET :\u00a0808 571 699 00012 Si\u00e8ge Social :\u00a048B Avenue<span class=\"excerpt-hellip\"> [\u2026]<\/span><\/p>\n","protected":false},"author":1,"featured_media":0,"parent":0,"menu_order":0,"comment_status":"closed","ping_status":"closed","template":"","meta":{"jetpack_post_was_ever_published":false,"footnotes":""},"jetpack_sharing_enabled":true,"jetpack_shortlink":"https:\/\/wp.me\/P7DtBT-Vo","_links":{"self":[{"href":"https:\/\/boutique-healer.com\/en\/wp-json\/wp\/v2\/pages\/3558"}],"collection":[{"href":"https:\/\/boutique-healer.com\/en\/wp-json\/wp\/v2\/pages"}],"about":[{"href":"https:\/\/boutique-healer.com\/en\/wp-json\/wp\/v2\/types\/page"}],"author":[{"embeddable":true,"href":"https:\/\/boutique-healer.com\/en\/wp-json\/wp\/v2\/users\/1"}],"replies":[{"embeddable":true,"href":"https:\/\/boutique-healer.com\/en\/wp-json\/wp\/v2\/comments?post=3558"}],"version-history":[{"count":3,"href":"https:\/\/boutique-healer.com\/en\/wp-json\/wp\/v2\/pages\/3558\/revisions"}],"predecessor-version":[{"id":4447,"href":"https:\/\/boutique-healer.com\/en\/wp-json\/wp\/v2\/pages\/3558\/revisions\/4447"}],"wp:attachment":[{"href":"https:\/\/boutique-healer.com\/en\/wp-json\/wp\/v2\/media?parent=3558"}],"curies":[{"name":"wp","href":"https:\/\/api.w.org\/{rel}","templated":true}]}}